{"id":199,"date":"2018-05-13T13:07:24","date_gmt":"2018-05-13T13:07:24","guid":{"rendered":"http:\/\/techblog.auchmonoabspielbar.de\/?page_id=199"},"modified":"2018-05-13T13:07:24","modified_gmt":"2018-05-13T13:07:24","slug":"datenschutzerklaerung","status":"publish","type":"page","link":"http:\/\/techblog.auchmonoabspielbar.de\/?page_id=199","title":{"rendered":"Datenschutzerkl\u00e4rung"},"content":{"rendered":"<p>\u00a7 13 Abs. 1 TMG verlangt, dass die Nutzer \u201ezu Beginn des Nutzungsvorgangs \u00fcber Art, Umfang und Zwecke der Erhebung und Verwendung personenbezogener Daten sowie \u00fcber die Verarbeitung seiner Daten in Staaten au\u00dferhalb des Anwendungsbereichs der Richtlinie 95\/46\/EG des Europ\u00e4ischen Parlaments und des Rates vom 24. Oktober 1995 zum Schutz nat\u00fcrlicher Personen bei der Verarbeitung personenbezogener Daten und zum freien Datenverkehr (ABl. EG Nr. L 281 S. 31) in allgemein verst\u00e4ndlicher Form\u201c unterrichtet werden.<\/p>\n<p>Die Nutzung dieser privaten Webseite ist ohne Angabe personenbezogenen Daten m\u00f6glich. Soweit auf unseren Seiten personenbezogene Daten (beispielsweise Name oder E-Mail-Adresse) eingegeben werden, erfolgt dies stets auf freiwilliger Basis. Diese Daten werden nicht an Dritte weitergegeben.<\/p>\n<p>Die von den Nutzern verwendete IP-Adresse wird von unserem Web Seiten Anbieter anonymisiert, wir haben keinen Zugriff auf diese Daten. Aus datenschutzrechtlichen Gr\u00fcnden werden der Hostname bzw. die IP-Adresse des Clients, der die Website aufruft, in den Logfiles anonymisiert.<\/p>\n<p>Sie haben jederzeit das Recht auf Auskunft \u00fcber Ihre gespeicherten personenbezogenen Daten und den Zweck der Datenverarbeitung sowie ein Recht auf Berichtigung, Sperrung oder L\u00f6schung dieser Daten. Hierzu sowie zu weiteren Fragen zum Thema personenbezogene Daten k\u00f6nnen Sie sich jederzeit unter der im Impressum angegebenen Adresse an uns wenden.<\/p>\n","protected":false},"excerpt":{"rendered":"<p>\u00a7 13 Abs. 1 TMG verlangt, dass die Nutzer \u201ezu Beginn des Nutzungsvorgangs \u00fcber Art, Umfang und Zwecke der Erhebung und Verwendung personenbezogener Daten sowie \u00fcber die Verarbeitung seiner Daten in Staaten au\u00dferhalb des Anwendungsbereichs der Richtlinie 95\/46\/EG des Europ\u00e4ischen Parlaments und des Rates vom 24. Oktober 1995 zum Schutz nat\u00fcrlicher Personen bei der Verarbeitung [&hellip;]<\/p>\n","protected":false},"author":1,"featured_media":0,"parent":0,"menu_order":5,"comment_status":"closed","ping_status":"closed","template":"","meta":{"footnotes":""},"class_list":["post-199","page","type-page","status-publish","hentry"],"_links":{"self":[{"href":"http:\/\/techblog.auchmonoabspielbar.de\/index.php?rest_route=\/wp\/v2\/pages\/199","targetHints":{"allow":["GET"]}}],"collection":[{"href":"http:\/\/techblog.auchmonoabspielbar.de\/index.php?rest_route=\/wp\/v2\/pages"}],"about":[{"href":"http:\/\/techblog.auchmonoabspielbar.de\/index.php?rest_route=\/wp\/v2\/types\/page"}],"author":[{"embeddable":true,"href":"http:\/\/techblog.auchmonoabspielbar.de\/index.php?rest_route=\/wp\/v2\/users\/1"}],"replies":[{"embeddable":true,"href":"http:\/\/techblog.auchmonoabspielbar.de\/index.php?rest_route=%2Fwp%2Fv2%2Fcomments&post=199"}],"version-history":[{"count":1,"href":"http:\/\/techblog.auchmonoabspielbar.de\/index.php?rest_route=\/wp\/v2\/pages\/199\/revisions"}],"predecessor-version":[{"id":200,"href":"http:\/\/techblog.auchmonoabspielbar.de\/index.php?rest_route=\/wp\/v2\/pages\/199\/revisions\/200"}],"wp:attachment":[{"href":"http:\/\/techblog.auchmonoabspielbar.de\/index.php?rest_route=%2Fwp%2Fv2%2Fmedia&parent=199"}],"curies":[{"name":"wp","href":"https:\/\/api.w.org\/{rel}","templated":true}]}}